{"id":763,"date":"2023-11-28T08:53:05","date_gmt":"2023-11-28T08:53:05","guid":{"rendered":"https:\/\/lavorazionimeccanichemega.com\/?page_id=763"},"modified":"2023-12-12T08:28:12","modified_gmt":"2023-12-12T08:28:12","slug":"impressum","status":"publish","type":"page","link":"https:\/\/lavorazionimeccanichemega.com\/en\/impressum\/","title":{"rendered":"Impressum"},"content":{"rendered":"<p><\/p>\n\n\n\n<div class=\"wp-block-columns is-layout-flex wp-container-core-columns-is-layout-9d6595d7 wp-block-columns-is-layout-flex\">\n<div class=\"wp-block-column is-layout-flow wp-block-column-is-layout-flow\">\n<p><br><strong>Mega snc<\/strong><br>Via Fiamme Verdi, 93\/a<br>25078 Vestone (BS) - ITALY<br>Italy<br>Tel. +39 0365 820 363<br>info(@)lavorazionimeccanichemega.com<br>VAT ID: IT01893300986<br>Company Registration: BS 01893300986<\/p>\n<\/div>\n\n\n\n<div class=\"wp-block-column is-layout-flow wp-block-column-is-layout-flow\">\n<figure class=\"wp-block-image size-large\"><a href=\"https:\/\/www.confindustriabrescia.it\/\" target=\"_blank\" rel=\"noreferrer noopener\"><img decoding=\"async\" src=\"data:image\/gif;base64,R0lGODlhAQABAIAAAAAAAP\/\/\/yH5BAEAAAAALAAAAAABAAEAAAIBRAA7\" data-src=\"https:\/\/lavorazionimeccanichemega.com\/wp-content\/uploads\/2023\/12\/Mega-snc-Lavorazioni-Meccaniche-Vestone-Logo-Associato-Confindustria-Brescia-AIB-1024x516.jpg\" alt=\"Mega snc Lavorazioni Meccaniche Brescia\" class=\"wp-image-775 lazyload\"\/><noscript><img decoding=\"async\" width=\"1024\" height=\"516\" src=\"https:\/\/lavorazionimeccanichemega.com\/wp-content\/uploads\/2023\/12\/Mega-snc-Lavorazioni-Meccaniche-Vestone-Logo-Associato-Confindustria-Brescia-AIB-1024x516.jpg\" alt=\"Mega snc Lavorazioni Meccaniche Brescia\" class=\"wp-image-775 lazyload\" srcset=\"https:\/\/lavorazionimeccanichemega.com\/wp-content\/uploads\/2023\/12\/Mega-snc-Lavorazioni-Meccaniche-Vestone-Logo-Associato-Confindustria-Brescia-AIB-1024x516.jpg 1024w, https:\/\/lavorazionimeccanichemega.com\/wp-content\/uploads\/2023\/12\/Mega-snc-Lavorazioni-Meccaniche-Vestone-Logo-Associato-Confindustria-Brescia-AIB-300x151.jpg 300w, https:\/\/lavorazionimeccanichemega.com\/wp-content\/uploads\/2023\/12\/Mega-snc-Lavorazioni-Meccaniche-Vestone-Logo-Associato-Confindustria-Brescia-AIB-768x387.jpg 768w, https:\/\/lavorazionimeccanichemega.com\/wp-content\/uploads\/2023\/12\/Mega-snc-Lavorazioni-Meccaniche-Vestone-Logo-Associato-Confindustria-Brescia-AIB-18x9.jpg 18w, https:\/\/lavorazionimeccanichemega.com\/wp-content\/uploads\/2023\/12\/Mega-snc-Lavorazioni-Meccaniche-Vestone-Logo-Associato-Confindustria-Brescia-AIB.jpg 1196w\" sizes=\"(max-width: 1024px) 100vw, 1024px\" \/><\/noscript><\/a><\/figure>\n<\/div>\n<\/div>\n\n\n\n<p class=\"has-nv-site-bg-color has-text-color has-link-color wp-elements-f3ac33803a0993dfe575944c7c645292\">Mega snc in Vestone in the province of Brescia is your partner for CNC machining on transfer machines and work stations.<\/p>\n\n\n\n<p>Mega snc is a traditional family-run company. <br>The activity focuses on subcontract precision machining services such as turning, milling, drilling, broaching, threading, lapping and so on.<\/p>","protected":false},"excerpt":{"rendered":"<p>Mega sncVia Fiamme Verdi, 93\/a25078 Vestone (BS)ItaliaTel. +39 0365 820 363info(@)lavorazionimeccanichemega.comP. IVA e C.F.: 018 933 009 86Reg. Imp.: BS 01893300986 Mega snc a Vestone in provincia di Brescia \u00e8 il tuo partner per lavorazioni CNC su transfer e centri di lavoro. Mega snc \u00e8 un&#8217;azienda tradizionale a conduzione familiare. L&#8217;attivit\u00e0 si concentra su lavorazioni&hellip;&nbsp;<a href=\"https:\/\/lavorazionimeccanichemega.com\/en\/impressum\/\" class=\"\" rel=\"bookmark\">Read More &raquo;<span class=\"screen-reader-text\">Impressum<\/span><\/a><\/p>","protected":false},"author":1,"featured_media":0,"parent":0,"menu_order":0,"comment_status":"closed","ping_status":"closed","template":"","meta":{"_monsterinsights_skip_tracking":false,"_monsterinsights_sitenote_active":false,"_monsterinsights_sitenote_note":"","_monsterinsights_sitenote_category":0,"neve_meta_sidebar":"","neve_meta_container":"","neve_meta_enable_content_width":"","neve_meta_content_width":0,"neve_meta_title_alignment":"","neve_meta_author_avatar":"","neve_post_elements_order":"","neve_meta_disable_header":"","neve_meta_disable_footer":"","neve_meta_disable_title":"","_themeisle_gutenberg_block_has_review":false,"footnotes":""},"class_list":["post-763","page","type-page","status-publish","hentry"],"aioseo_notices":[],"_links":{"self":[{"href":"https:\/\/lavorazionimeccanichemega.com\/en\/wp-json\/wp\/v2\/pages\/763","targetHints":{"allow":["GET"]}}],"collection":[{"href":"https:\/\/lavorazionimeccanichemega.com\/en\/wp-json\/wp\/v2\/pages"}],"about":[{"href":"https:\/\/lavorazionimeccanichemega.com\/en\/wp-json\/wp\/v2\/types\/page"}],"author":[{"embeddable":true,"href":"https:\/\/lavorazionimeccanichemega.com\/en\/wp-json\/wp\/v2\/users\/1"}],"replies":[{"embeddable":true,"href":"https:\/\/lavorazionimeccanichemega.com\/en\/wp-json\/wp\/v2\/comments?post=763"}],"version-history":[{"count":8,"href":"https:\/\/lavorazionimeccanichemega.com\/en\/wp-json\/wp\/v2\/pages\/763\/revisions"}],"predecessor-version":[{"id":782,"href":"https:\/\/lavorazionimeccanichemega.com\/en\/wp-json\/wp\/v2\/pages\/763\/revisions\/782"}],"wp:attachment":[{"href":"https:\/\/lavorazionimeccanichemega.com\/en\/wp-json\/wp\/v2\/media?parent=763"}],"curies":[{"name":"wp","href":"https:\/\/api.w.org\/{rel}","templated":true}]}}